{"id":1731,"date":"2016-03-01T13:20:42","date_gmt":"2016-03-01T12:20:42","guid":{"rendered":"http:\/\/conall.edge-themes.com\/?page_id=1731"},"modified":"2021-01-20T11:58:16","modified_gmt":"2021-01-20T10:58:16","slug":"motivation","status":"publish","type":"page","link":"https:\/\/www.handwerkskunst-leipzig.de\/en\/motivation\/","title":{"rendered":"Motivation"},"content":{"rendered":"<div class=\"wpb-content-wrapper\"><div class=\"vc_row wpb_row vc_row-fluid edgtf-section vc_custom_1600417456513 edgtf-content-aligment-left\" style=\"\"><div class=\"clearfix edgtf-full-section-inner\"><div class=\"wpb_column vc_column_container vc_col-sm-6\"><div class=\"vc_column-inner\"><div class=\"wpb_wrapper\">\n\t<div  class=\"wpb_single_image wpb_content_element vc_align_left wpb_content_element\">\n\t\t\n\t\t<figure class=\"wpb_wrapper vc_figure\">\n\t\t\t<div class=\"vc_single_image-wrapper   vc_box_border_grey\"><img loading=\"lazy\" decoding=\"async\" width=\"768\" height=\"922\" src=\"https:\/\/www.handwerkskunst-leipzig.de\/wp-content\/uploads\/2020\/09\/motivation_biehne_768x922.jpg\" class=\"vc_single_image-img attachment-large\" alt=\"Claudia Biehne\" title=\"motivation_biehne_768x922\" srcset=\"https:\/\/www.handwerkskunst-leipzig.de\/wp-content\/uploads\/2020\/09\/motivation_biehne_768x922.jpg 768w, https:\/\/www.handwerkskunst-leipzig.de\/wp-content\/uploads\/2020\/09\/motivation_biehne_768x922-250x300.jpg 250w\" sizes=\"auto, (max-width: 768px) 100vw, 768px\" \/><\/div>\n\t\t<\/figure>\n\t<\/div>\n<\/div><\/div><\/div><div class=\"wpb_column vc_column_container vc_col-sm-6 vc_col-has-fill\"><div class=\"vc_column-inner vc_custom_1600417614760\"><div class=\"wpb_wrapper\">\n\t<div class=\"wpb_text_column wpb_content_element vc_custom_1611140293947\" >\n\t\t<div class=\"wpb_wrapper\">\n\t\t\t<h3 style=\"margin-top: -24px;\">A CITY MAP FOR LEIPZIG ARTCRAFT<\/h3>\n<p>Leipzig has a lively cultural scene. It benefits from the city's rich cultural traditions and inspiring creative freedom. Diversity is a profile-forming factor for urban life when it comes to music, free arts, theatre and now also applied arts. Creative studios and workshops are establishing themselves and are giving Leipzig's reputation as a city of culture a further, highly topical nuance.<\/p>\n<p>The members of The Friends of the <a class=\"links_cp\" href=\"https:\/\/freundeskreis.grassimuseum.de\/\" target=\"_blank\" rel=\"noopener\">Friends of GRASSI Museum of Applied Arts e.V.<\/a> regularly visit the workshops and studios of selected craft artists and designers in Leipzig. \nThese \u201ework shows\u201c fit perfectly into the canon of activities of The Friends with a great affinity to the <a class=\"links_cp\" href=\"https:\/\/www.grassimak.de\/en\/\" target=\"_blank\" rel=\"noopener\">GRASSI Museum of Applied Arts<\/a> , seriously dedicated to craftsmanship. On the occasion of the annual <a class=\"links_cp\" href=\"http:\/\/www.grassimesse.de\/en\/\" target=\"_blank\" rel=\"noopener\">GRASSIMESSE<\/a>, an internationally important fair for arts and crafts, the Friends presents an award for outstanding design in crafts and supports purchases for the Museum\u2018s collection.<\/p>\n<p>The Friends invites the citizens and visitors of the city of Leipzig to discover selected offers of the Leipzig craft and design scene with this \"Leipzig City Map Artcraft\": Plan your visit! Make appointments with people whose creativity and achievements include a unique offer. Fulfill your desire for custom-made and individual objects. Discover attractive fashion and interior accessories, perfect musical instruments and valuable unique pieces at their places of origin and in direct exchange with renowned designers and craftspeople whose standards always include sustainability and quality.<\/p>\n<p>&nbsp;<\/p>\n<a href=\"https:\/\/www.handwerkskunst-leipzig.de\/en\/die-kuenstler\/\" target=\"_self\"  class=\"edgtf-btn edgtf-btn-medium edgtf-btn-outline\"  >\n   \t   \t\t<span class=\"edgtf-button-background edgtf-before\"><\/span>\n   \t\t<span class=\"edgtf-button-background edgtf-after\"><\/span>\n   \t        \t<span class=\"edgtf-btn-text\">CRAFT ARTISTS<\/span>\n        <i class=\"edgtf-icon-font-awesome fa\" ><\/i><\/a>\n\n\t\t<\/div>\n\t<\/div>\n<\/div><\/div><\/div><\/div><\/div>\n<\/div>","protected":false},"excerpt":{"rendered":"EIN STADTPLAN F\u00dcR HANDWERKSKUNST IN LEIPZIG Leipzig hat eine lebendige Kulturszene. Sie profitiert von den reichen kulturellen Traditionen und von den inspirierenden kreativen Freir\u00e4umen der Stadt. Die Vielfalt ist ein profilbildender Faktor f\u00fcr das st\u00e4dtische Leben, wenn es um Musik, freie Kunst, Theater und nun [...]","protected":false},"author":1,"featured_media":5116,"parent":0,"menu_order":0,"comment_status":"closed","ping_status":"closed","template":"","meta":{"footnotes":""},"class_list":["post-1731","page","type-page","status-publish","has-post-thumbnail","hentry"],"aioseo_notices":[],"_links":{"self":[{"href":"https:\/\/www.handwerkskunst-leipzig.de\/en\/wp-json\/wp\/v2\/pages\/1731","targetHints":{"allow":["GET"]}}],"collection":[{"href":"https:\/\/www.handwerkskunst-leipzig.de\/en\/wp-json\/wp\/v2\/pages"}],"about":[{"href":"https:\/\/www.handwerkskunst-leipzig.de\/en\/wp-json\/wp\/v2\/types\/page"}],"author":[{"embeddable":true,"href":"https:\/\/www.handwerkskunst-leipzig.de\/en\/wp-json\/wp\/v2\/users\/1"}],"replies":[{"embeddable":true,"href":"https:\/\/www.handwerkskunst-leipzig.de\/en\/wp-json\/wp\/v2\/comments?post=1731"}],"version-history":[{"count":54,"href":"https:\/\/www.handwerkskunst-leipzig.de\/en\/wp-json\/wp\/v2\/pages\/1731\/revisions"}],"predecessor-version":[{"id":5132,"href":"https:\/\/www.handwerkskunst-leipzig.de\/en\/wp-json\/wp\/v2\/pages\/1731\/revisions\/5132"}],"wp:featuredmedia":[{"embeddable":true,"href":"https:\/\/www.handwerkskunst-leipzig.de\/en\/wp-json\/wp\/v2\/media\/5116"}],"wp:attachment":[{"href":"https:\/\/www.handwerkskunst-leipzig.de\/en\/wp-json\/wp\/v2\/media?parent=1731"}],"curies":[{"name":"wp","href":"https:\/\/api.w.org\/{rel}","templated":true}]}}